{"id":462,"date":"2015-04-22T19:13:50","date_gmt":"2015-04-22T19:13:50","guid":{"rendered":"http:\/\/format1.apps-1and1.net\/?page_id=2"},"modified":"2019-05-07T13:09:27","modified_gmt":"2019-05-07T13:09:27","slug":"o-nas-oferta","status":"publish","type":"page","link":"https:\/\/ppformat.pl\/?page_id=462","title":{"rendered":"O nas \/ oferta"},"content":{"rendered":"<p><a href=\"http:\/\/serwer1711736.home.pl\/autoinstalator\/wordpress\/wp-content\/uploads\/2015\/04\/Kochanowskiego-200px.jpg\"><img loading=\"lazy\" decoding=\"async\" class=\"alignleft wp-image-559 size-full\" src=\"http:\/\/ppformat.pl\/wp-content\/uploads\/2019\/05\/Kochanowskiego-200px.jpg\" alt=\"\" width=\"200\" height=\"600\" srcset=\"https:\/\/ppformat.pl\/wp-content\/uploads\/2019\/05\/Kochanowskiego-200px.jpg 200w, https:\/\/ppformat.pl\/wp-content\/uploads\/2019\/05\/Kochanowskiego-200px-100x300.jpg 100w\" sizes=\"auto, (max-width: 200px) 100vw, 200px\" \/><\/a>Pracownia Projektowa \u201eFORMAT\u201d za\u0142o\u017cona przez architekt Hann\u0119 Cicho\u0144 dzia\u0142a nieprzerwanie od 1993 r.<br \/>\nPod szyldem Pracowni projektuje zesp\u00f3\u0142 specjalist\u00f3w we wszystkich bran\u017cach budowlanych zwi\u0105zanych z przygotowaniem , projektowaniem i realizacj\u0105 inwestycji.<br \/>\nStale wsp\u00f3\u0142pracuje grono 11 os\u00f3b posiadaj\u0105cych pe\u0142ne uprawnienia projektowe, du\u017ce do\u015bwiadczenie i d\u0142ugoletni sta\u017c pracy.<\/p>\n<p>Na zlecenie inwestor\u00f3w prowadzimy przygotowanie inwestycji , prace projektowe oraz nadz\u00f3r autorski i inwestorski nad realizacj\u0105 inwestycji a tak\u017ce pomoc przy odbiorach technicznych i oddaniu obiekt\u00f3w do u\u017cytkowania.<\/p>\n<p>Oferujemy wykonanie projekt\u00f3w w bran\u017cach:<br \/>\n-architektura,<br \/>\n-konstrukcja,<br \/>\n-instalacje sanitarne,<br \/>\n-instalacje elektryczne,<br \/>\n-drogowa.<br \/>\nGwarantuje to du\u017c\u0105 skuteczno\u015b\u0107 dzia\u0142ania oraz realizacj\u0119 obiekt\u00f3w zgodnie z \u017cyczeniem inwestor\u00f3w.<\/p>\n<p>Oferujemy kompleksowe us\u0142ugi projektowe obejmuj\u0105ce:<\/p>\n<ul>\n<li>ocen\u0119 warto\u015bci dzia\u0142ek pod k\u0105tem inwestycyjnym;<\/li>\n<li>przygotowanie koncepcji architektonicznych oraz zagospodarowania terenu;<\/li>\n<li>uzyskanie decyzji o warunkach zabudowy oraz wszystkich niezb\u0119dnych uzgodnie\u0144 i warunk\u00f3w;<\/li>\n<li>wielobran\u017cowe projekty budowlane;<\/li>\n<li>projekty wykonawcze;<\/li>\n<li>nadz\u00f3r autorski oraz inwestorski;<\/li>\n<li>projekty wn\u0119trz- zar\u00f3wno aran\u017cacje jak i dob\u00f3r materia\u0142\u00f3w oraz wyposa\u017cenia.<\/li>\n<\/ul>\n<p><strong>Jeste\u015bmy praw\u0105 r\u0119k\u0105 inwestora przez ca\u0142y okres procesu inwestycyjnego<\/strong>,<br \/>\nopr\u00f3cz projektowania s\u0142u\u017cymy pomoc\u0105 merytoryczn\u0105 w negocjacjach z innymi podmiotami.<\/p>\n","protected":false},"excerpt":{"rendered":"<p>Pracownia Projektowa \u201eFORMAT\u201d za\u0142o\u017cona przez architekt Hann\u0119 Cicho\u0144 dzia\u0142a nieprzerwanie od 1993 r. Pod szyldem Pracowni projektuje zesp\u00f3\u0142 specjalist\u00f3w we wszystkich bran\u017cach budowlanych zwi\u0105zanych z przygotowaniem , projektowaniem i realizacj\u0105 inwestycji. Stale wsp\u00f3\u0142pracuje grono 11 os\u00f3b posiadaj\u0105cych pe\u0142ne uprawnienia projektowe, du\u017ce do\u015bwiadczenie i d\u0142ugoletni sta\u017c pracy. Na zlecenie inwestor\u00f3w prowadzimy przygotowanie inwestycji , prace projektowe [&hellip;]<\/p>\n","protected":false},"author":1,"featured_media":0,"parent":0,"menu_order":0,"comment_status":"open","ping_status":"open","template":"","meta":{"footnotes":""},"class_list":["post-462","page","type-page","status-publish","hentry"],"_links":{"self":[{"href":"https:\/\/ppformat.pl\/index.php?rest_route=\/wp\/v2\/pages\/462","targetHints":{"allow":["GET"]}}],"collection":[{"href":"https:\/\/ppformat.pl\/index.php?rest_route=\/wp\/v2\/pages"}],"about":[{"href":"https:\/\/ppformat.pl\/index.php?rest_route=\/wp\/v2\/types\/page"}],"author":[{"embeddable":true,"href":"https:\/\/ppformat.pl\/index.php?rest_route=\/wp\/v2\/users\/1"}],"replies":[{"embeddable":true,"href":"https:\/\/ppformat.pl\/index.php?rest_route=%2Fwp%2Fv2%2Fcomments&post=462"}],"version-history":[{"count":2,"href":"https:\/\/ppformat.pl\/index.php?rest_route=\/wp\/v2\/pages\/462\/revisions"}],"predecessor-version":[{"id":560,"href":"https:\/\/ppformat.pl\/index.php?rest_route=\/wp\/v2\/pages\/462\/revisions\/560"}],"wp:attachment":[{"href":"https:\/\/ppformat.pl\/index.php?rest_route=%2Fwp%2Fv2%2Fmedia&parent=462"}],"curies":[{"name":"wp","href":"https:\/\/api.w.org\/{rel}","templated":true}]}}